{"id":3998,"date":"2014-12-15T05:52:57","date_gmt":"2014-12-15T05:52:57","guid":{"rendered":"http:\/\/shop.pigmee.com\/?page_id=3998"},"modified":"2015-03-02T09:15:13","modified_gmt":"2015-03-02T09:15:13","slug":"mentions-legales","status":"publish","type":"page","link":"https:\/\/www.pigmee.com\/en\/mentions-legales\/","title":{"rendered":"Mentions L\u00e9gales"},"content":{"rendered":"<div class=\"flex_column av_one_full  flex_column_div first  avia-builder-el-0  avia-builder-el-no-sibling  \" ><section class=\"av_textblock_section \"  itemscope=\"itemscope\" itemtype=\"https:\/\/schema.org\/CreativeWork\" ><div class='avia_textblock  '   itemprop=\"text\" ><p style=\"font-family: 'Amatic SC',cursive; text-align: center; font-size: 50px;\"><span style=\"color: #808080;\"><span style=\"color: #000000;\">Mentions L\u00e9gales<\/span><br \/>\n<\/span><\/p>\n<\/div><\/section><br \/>\n<div  style='height:50px' class='hr hr-invisible   avia-builder-el-2  el_after_av_textblock  el_before_av_textblock '><span class='hr-inner ' ><span class='hr-inner-style'><\/span><\/span><\/div><br \/>\n<section class=\"av_textblock_section \"  itemscope=\"itemscope\" itemtype=\"https:\/\/schema.org\/CreativeWork\" ><div class='avia_textblock  '   itemprop=\"text\" ><p>Le site pigmee.com est \u00e9dit\u00e9 par la soci\u00e9t\u00e9 PIGMEE. Ce site est l&#8217;enti\u00e8re propri\u00e9t\u00e9 de PIGMEE. Toute reproduction, m\u00eame partielle, de ce site est strictement interdite.<\/p>\n<p>Raison sociale\/Auto entrepreneur : PIGMEE<br \/>\nN\u00b0 de SIRET : 43825680200028<br \/>\nTVA intracommunautaire : FR20438256802<br \/>\nAdresse : 7, Villa Dancourt 75018 Paris, France<br \/>\nN\u00b0 de t\u00e9l\u00e9phone : 06 07 53 58 92<br \/>\nAdresse email : info at pigmee.com<br \/>\nDirectrice de la publication : Florence Bories<\/p>\n<p>Les informations collect\u00e9es par le biais de formulaires sont r\u00e9serv\u00e9es \u00e0 l\u2019usage exclusif de la boutique en ligne Pigm\u00e9e et ne sont pas communiqu\u00e9es \u00e0 des tiers.<\/p>\n<p>Pour le bon fonctionnement du site nous collectons des donn\u00e9es personnelles autres que celles soumises \u00e0 votre consentement pr\u00e9alable.<br \/>\nPour ce faire, nous utilisons des cookies. Les cookies nous permettent soit de vous attribuer un identifiant de session unique, soit lors d&#8217;une nouvelle visite de vous reconna\u00eetre et, entre autres choses, de retrouver votre choix de langue, votre panier, etc. Selon la CNIL, cette utilisation ne demande pas de consentement pr\u00e9alable.<\/p>\n<p>Conform\u00e9ment aux articles 39 et suivants de la loi n\u00b0 78-17 du 6 janvier 1978 modifi\u00e9e en 2004 relative \u00e0 l\u2019informatique, aux fichiers et aux libert\u00e9s, vous b\u00e9n\u00e9ficiez d\u2019un droit d\u2019acc\u00e8s et de rectification aux informations qui vous concernent. Si vous souhaitez exercer ce droit et obtenir communication des informations vous concernant, veuillez vous connecter \u00e0 votre compte client ou vous adresser au service client.<\/p>\n<\/div><\/section><\/p><\/div>\n","protected":false},"excerpt":{"rendered":"","protected":false},"author":5,"featured_media":0,"parent":0,"menu_order":0,"comment_status":"open","ping_status":"open","template":"","meta":[],"_links":{"self":[{"href":"https:\/\/www.pigmee.com\/en\/wp-json\/wp\/v2\/pages\/3998"}],"collection":[{"href":"https:\/\/www.pigmee.com\/en\/wp-json\/wp\/v2\/pages"}],"about":[{"href":"https:\/\/www.pigmee.com\/en\/wp-json\/wp\/v2\/types\/page"}],"author":[{"embeddable":true,"href":"https:\/\/www.pigmee.com\/en\/wp-json\/wp\/v2\/users\/5"}],"replies":[{"embeddable":true,"href":"https:\/\/www.pigmee.com\/en\/wp-json\/wp\/v2\/comments?post=3998"}],"version-history":[{"count":0,"href":"https:\/\/www.pigmee.com\/en\/wp-json\/wp\/v2\/pages\/3998\/revisions"}],"wp:attachment":[{"href":"https:\/\/www.pigmee.com\/en\/wp-json\/wp\/v2\/media?parent=3998"}],"curies":[{"name":"wp","href":"https:\/\/api.w.org\/{rel}","templated":true}]}}