{"id":6697,"date":"2022-12-02T22:39:40","date_gmt":"2022-12-02T22:39:40","guid":{"rendered":"https:\/\/www.pigmee.com\/en\/product\/oriental-classic-style-doll-2\/"},"modified":"2025-03-04T14:08:14","modified_gmt":"2025-03-04T14:08:14","slug":"oriental-classic-style-doll-2","status":"publish","type":"product","link":"https:\/\/www.pigmee.com\/en\/product\/oriental-classic-style-doll-2\/","title":{"rendered":"Oriental classic style doll (sold out)"},"excerpt":{"rendered":"<p>Poup\u00e9e Classique<\/p>\n<p>2 tailles disponibles<\/p>\n<p>Les coutures fait main sont cousues avec un fil doubl\u00e9 renforc\u00e9.<\/p>\n<p>100% cotton &#8211; hypoallerg\u00e9nique &#8211; antiallergique<\/p>\n<p>Lavage machine 30 degr\u00e9s &#8211; S\u00e8che linge non recommand\u00e9<\/p>\n<p>Les poup\u00e9es r\u00e9alis\u00e9es dans les tissus imprim\u00e9s conviennent aux enfants \u00e0 partir de 36 mois.<\/p>\n<p>Design fran\u00e7ais &#8211; Fabriqu\u00e9 au Maroc<\/p>\n<p>S\u00e9rie Limit\u00e9e<\/p>\n<p>&nbsp;<\/p>\n","protected":false},"featured_media":6691,"template":"","meta":[],"_links":{"self":[{"href":"https:\/\/www.pigmee.com\/en\/wp-json\/wp\/v2\/product\/6697"}],"collection":[{"href":"https:\/\/www.pigmee.com\/en\/wp-json\/wp\/v2\/product"}],"about":[{"href":"https:\/\/www.pigmee.com\/en\/wp-json\/wp\/v2\/types\/product"}],"wp:featuredmedia":[{"embeddable":true,"href":"https:\/\/www.pigmee.com\/en\/wp-json\/wp\/v2\/media\/6691"}],"wp:attachment":[{"href":"https:\/\/www.pigmee.com\/en\/wp-json\/wp\/v2\/media?parent=6697"}],"curies":[{"name":"wp","href":"https:\/\/api.w.org\/{rel}","templated":true}]}}