{"id":7400,"date":"2017-09-28T18:55:56","date_gmt":"2017-09-28T18:55:56","guid":{"rendered":"https:\/\/www.pigmee.com\/en\/product\/pou_cl_ak_chloro_1\/"},"modified":"2025-03-04T14:13:21","modified_gmt":"2025-03-04T14:13:21","slug":"pou_cl_ak_chloro","status":"publish","type":"product","link":"https:\/\/www.pigmee.com\/en\/product\/pou_cl_ak_chloro\/","title":{"rendered":"Chlorophylle X Annabel Kern (sold out)"},"excerpt":{"rendered":"<p>COLLAB PIGMEE X ANNABEL KERN<\/p>\n<p>Nos deux univers se sont rencontr\u00e9s comme une \u00e9vidence.<\/p>\n<p>Pour le bonheur des enfants, quoi de mieux qu\u2019une poup\u00e9e Pigm\u00e9e r\u00e9alis\u00e9e dans la mati\u00e8re douce et pliss\u00e9e de la gaze de coton Annabel Kern aux couleurs po\u00e9tiques : Chlorophylle, Poudr\u00e9, Ja\u00efpur et Cr\u00e8me de lait.<\/p>\n<p>Cette collaboration pr\u00e9sente 4 variantes de poup\u00e9es langes \u00ab fait main \u00bb en s\u00e9rie limit\u00e9e avec les d\u00e9tails et finitions fid\u00e8les aux deux marques.<\/p>\n<p>Les coutures d\u2019attaches des poup\u00e9es sont faites \u00e0 la main avec un fil renforc\u00e9 et doubl\u00e9.<br \/>\n100% coton<br \/>\nRembourrage synthetique hypoallerg\u00e9nique, anti allergique.<br \/>\nLavage en machine 30 degr\u00e9s<br \/>\nS\u00e9chage en machine d\u00e9conseill\u00e9<br \/>\nLes poup\u00e9es conviennent aux enfants \u00e0 partir de 36 mois.<\/p>\n<p>Cr\u00e9ation fran\u00e7aise \u2013 Fabriqu\u00e9 au Maroc<br \/>\nS\u00e9rie Limit\u00e9e<br \/>\nTaille 1 : 20 cm et Taille 2 : 26 cm<\/p>\n","protected":false},"featured_media":7374,"template":"","meta":[],"_links":{"self":[{"href":"https:\/\/www.pigmee.com\/en\/wp-json\/wp\/v2\/product\/7400"}],"collection":[{"href":"https:\/\/www.pigmee.com\/en\/wp-json\/wp\/v2\/product"}],"about":[{"href":"https:\/\/www.pigmee.com\/en\/wp-json\/wp\/v2\/types\/product"}],"wp:featuredmedia":[{"embeddable":true,"href":"https:\/\/www.pigmee.com\/en\/wp-json\/wp\/v2\/media\/7374"}],"wp:attachment":[{"href":"https:\/\/www.pigmee.com\/en\/wp-json\/wp\/v2\/media?parent=7400"}],"curies":[{"name":"wp","href":"https:\/\/api.w.org\/{rel}","templated":true}]}}