{"id":7983,"date":"2023-12-06T15:23:40","date_gmt":"2023-12-06T15:23:40","guid":{"rendered":"https:\/\/www.pigmee.com\/?post_type=product&#038;p=7983"},"modified":"2025-02-03T14:36:41","modified_gmt":"2025-02-03T14:36:41","slug":"pigmee-x-le-petit-lucas-du-tertre-russian-boutis","status":"publish","type":"product","link":"https:\/\/www.pigmee.com\/en\/product\/pigmee-x-le-petit-lucas-du-tertre-russian-boutis\/","title":{"rendered":"Pigm\u00e9e X Le petit Lucas du Tertre : russian boutis"},"excerpt":{"rendered":"<p><em>Deux univers aussi diff\u00e9rents que compl\u00e9mentaires&#8230;<\/em><\/p>\n<p><em>Un style\u00a0<\/em><em>r\u00e9tro folk r\u00e9solument color\u00e9, un brin d\u00e9cal\u00e9 qui r\u00e9interpr\u00e8te, le temps d\u2019une collaboration, la simplicit\u00e9 et l\u2019\u00e9pure de la poup\u00e9e Pigm\u00e9e\u00a0<\/em><em>en la parant d&#8217;imprim\u00e9s\u00a0empreints de po\u00e9sie et de fra\u00eecheur\u00a0selon une technique d\u2019impression ancestrale\u2026le block print !<\/em><\/p>\n<p><em>\u00a0<\/em><em>Une passion commune de mettre en avant les savoir-faire traditionnels et le \u00ab fait-main \u00bb de\u00a0l\u2019Inde, le pays de tous les possibles\u00a0<\/em><\/p>\n<p><em>6 jolis motifs ludiques en s\u00e9rie limit\u00e9e\u00a0<\/em><\/p>\n<p><em>&#8211; blue elephant<\/em><\/p>\n<p><em>&#8211; green birds<\/em><\/p>\n<p><em>&#8211; russian boutis<\/em><\/p>\n<p><em>&#8211; blue palm<\/em><\/p>\n<p><em>&#8211; baby deer<\/em><\/p>\n<p><em>&#8211; charlotte<\/em><\/p>\n<p><em>\u00a0<\/em><\/p>\n<p><em>Les coutures d\u2019attaches des poup\u00e9es sont faites \u00e0 la main avec un fil renforc\u00e9 et doubl\u00e9.<\/em><\/p>\n<p><em>100% coton<\/em><\/p>\n<p><em>Rembourrage synth\u00e9tique hypoallerg\u00e9nique, anti allergique.<\/em><\/p>\n<p><em>Lavage en machine 30 degr\u00e9s<\/em><\/p>\n<p><em>S\u00e9chage en machine d\u00e9conseill\u00e9<\/em><\/p>\n<p><em>Les poup\u00e9es conviennent aux enfants \u00e0 partir de 36 mois.<\/em><\/p>\n<p><em>\u00a0<\/em><\/p>\n<p><em>Cr\u00e9ation fran\u00e7aise \u2013 Fabriqu\u00e9 au Maroc<\/em><\/p>\n<p><em>S\u00e9rie Limit\u00e9e<\/em><\/p>\n<p><em>3 Tailles : 20 cm \/ 26 cm \/ 38 cm ( selon les tissus )\u00a0<\/em><\/p>\n<p>&nbsp;<\/p>\n","protected":false},"featured_media":7962,"template":"","meta":[],"_links":{"self":[{"href":"https:\/\/www.pigmee.com\/en\/wp-json\/wp\/v2\/product\/7983"}],"collection":[{"href":"https:\/\/www.pigmee.com\/en\/wp-json\/wp\/v2\/product"}],"about":[{"href":"https:\/\/www.pigmee.com\/en\/wp-json\/wp\/v2\/types\/product"}],"wp:featuredmedia":[{"embeddable":true,"href":"https:\/\/www.pigmee.com\/en\/wp-json\/wp\/v2\/media\/7962"}],"wp:attachment":[{"href":"https:\/\/www.pigmee.com\/en\/wp-json\/wp\/v2\/media?parent=7983"}],"curies":[{"name":"wp","href":"https:\/\/api.w.org\/{rel}","templated":true}]}}