{"id":8714,"date":"2020-12-11T14:49:33","date_gmt":"2020-12-11T14:49:33","guid":{"rendered":"https:\/\/www.pigmee.com\/?post_type=product&#038;p=8714"},"modified":"2025-02-03T14:14:55","modified_gmt":"2025-02-03T14:14:55","slug":"pigmee-x-maison-omani-tao-2","status":"publish","type":"product","link":"https:\/\/www.pigmee.com\/en\/product\/pigmee-x-maison-omani-tao-2\/","title":{"rendered":"Pigm\u00e9e X Maison Omani &#8211; Tao (sold out)"},"excerpt":{"rendered":"<p>COLLAB PIGMEE X MAISON OMANI<\/p>\n<p>Cette collaboration est n\u00e9e d&#8217;un amour du Maroc partag\u00e9, de son artisanat, et des si jolies couleurs des tissus anciens traditionnels Ha\u00efk tiss\u00e9s main.<\/p>\n<p>Ces poup\u00e9es sont des cr\u00e9ations artisanales d\u00e9coratives, r\u00e9alis\u00e9es dans des couvertures vintages aux aspects irr\u00e9guliers et imparfaits qui apportent l&#8217;authenticit\u00e9 de ces pi\u00e8ces uniques fabriqu\u00e9es au Maroc.<\/p>\n<p>Mod\u00e8le Tao pi\u00e8ce unique taille 26 cm<\/p>\n<p>Les 2 cot\u00e9s de la poup\u00e9e sont diff\u00e9rents !<\/p>\n<p>Composition : laine et coton.<\/p>\n<p>Lavage d\u00e9conseill\u00e9.<\/p>\n<p>&nbsp;<\/p>\n<p>&nbsp;<\/p>\n","protected":false},"featured_media":8719,"template":"","meta":[],"_links":{"self":[{"href":"https:\/\/www.pigmee.com\/en\/wp-json\/wp\/v2\/product\/8714"}],"collection":[{"href":"https:\/\/www.pigmee.com\/en\/wp-json\/wp\/v2\/product"}],"about":[{"href":"https:\/\/www.pigmee.com\/en\/wp-json\/wp\/v2\/types\/product"}],"wp:featuredmedia":[{"embeddable":true,"href":"https:\/\/www.pigmee.com\/en\/wp-json\/wp\/v2\/media\/8719"}],"wp:attachment":[{"href":"https:\/\/www.pigmee.com\/en\/wp-json\/wp\/v2\/media?parent=8714"}],"curies":[{"name":"wp","href":"https:\/\/api.w.org\/{rel}","templated":true}]}}