{"id":9642,"date":"2021-12-14T18:05:45","date_gmt":"2021-12-14T18:05:45","guid":{"rendered":"https:\/\/www.pigmee.com\/?post_type=product&#038;p=9642"},"modified":"2025-02-03T14:13:00","modified_gmt":"2025-02-03T14:13:00","slug":"illustration-alba-oneonly","status":"publish","type":"product","link":"https:\/\/www.pigmee.com\/en\/product\/illustration-alba-oneonly\/","title":{"rendered":"*Illustration ALBA One &#038; Only* (sold out)"},"excerpt":{"rendered":"<p>Illustration pi\u00e8ce unique fait main. Pr\u00e9sent\u00e9e sur un support en carton pince dor\u00e9e.<\/p>\n<p>Composition de papiers, peintures et textiles.<\/p>\n<p>Format A5 : 210 x 148 mm<\/p>\n<p>&nbsp;<\/p>\n","protected":false},"featured_media":9572,"template":"","meta":[],"_links":{"self":[{"href":"https:\/\/www.pigmee.com\/en\/wp-json\/wp\/v2\/product\/9642"}],"collection":[{"href":"https:\/\/www.pigmee.com\/en\/wp-json\/wp\/v2\/product"}],"about":[{"href":"https:\/\/www.pigmee.com\/en\/wp-json\/wp\/v2\/types\/product"}],"wp:featuredmedia":[{"embeddable":true,"href":"https:\/\/www.pigmee.com\/en\/wp-json\/wp\/v2\/media\/9572"}],"wp:attachment":[{"href":"https:\/\/www.pigmee.com\/en\/wp-json\/wp\/v2\/media?parent=9642"}],"curies":[{"name":"wp","href":"https:\/\/api.w.org\/{rel}","templated":true}]}}